{"id":8,"date":"2020-08-17T14:47:49","date_gmt":"2020-08-17T12:47:49","guid":{"rendered":"http:\/\/pferdegruenland.de\/?page_id=8"},"modified":"2026-03-19T16:15:08","modified_gmt":"2026-03-19T15:15:08","slug":"startseite","status":"publish","type":"page","link":"https:\/\/pferdegruenland.de\/","title":{"rendered":"Willkommen auf meiner Website!\u00a0"},"content":{"rendered":"\n<p><\/p>\n\n\n\n<h2 class=\"wp-block-heading\"><mark style=\"background-color:rgba(0, 0, 0, 0)\" class=\"has-inline-color has-vivid-red-color\"><strong>Hier findet Ihr die ganz aktuellen <\/strong><\/mark><strong><a href=\"https:\/\/pferdegruenland.de\/?p=615\">Preise der Pflanzenn\u00e4hrstoffe<\/a><\/strong><mark style=\"background-color:rgba(0, 0, 0, 0)\" class=\"has-inline-color has-vivid-red-color\"><strong> in der derzeitigen geopolitischen Weltlage<\/strong><\/mark><\/h2>\n\n\n\n<p><\/p>\n\n\n\n<p>Du befindest Dich hier in dem nicht profit- orientierten Blog zum Klimawandel und dessen Folgen auf das Pferdegr\u00fcnland.<\/p>\n\n\n\n<p>Die Folgen des Klimawandels kommen zwar nicht so schnell wie eine Pandemie, daf\u00fcr aber unaufhaltbarer. Im Gegensatz zu einer Vireninfektion wird es gegen die Folgen des Klimawandels  keinen Impfstoff geben. <\/p>\n\n\n\n<p>Ohne Ausnahme m\u00fcssen Pferdehalter*innen lernen, mit extremen Wetterlagen umzugehen, denn der Klimawandel kommt nicht, er ist schon da. Starkregenereignisse, Sturmfronten, Hitzephasen und D\u00fcrreperioden in nicht geglaubten Ausma\u00df pr\u00e4gen bereits jetzt unsere Lebensbedingungen in Deutschland und bringen uns dabei immer \u00f6fter in z.T. gro\u00dfe Gefahr. <\/p>\n\n\n\n<p>Weltweit ist der Temperaturanstieg 1,54\u00b0C, in Deutschland aber bereits 2,4\u00b0C bis zu 2,7\u00b0C im November 2023 und sogar 5,9\u00b0C im Februar 2024 und 5,3\u00b0C im M\u00e4rz 2024! <\/p>\n\n\n\n<p><strong>Auch die Meere werden in jedem Jahr w\u00e4rmer. Warme, feuchte Meeresluft ist die Energiequelle f\u00fcr Wetterextreme. Da die Temperaturen der Meere immer st\u00e4rker steigt, werden zwangsl\u00e4ufig die Wetterextreme Normalit\u00e4t.<\/strong><\/p>\n\n\n\n<p>Mit absoluter Sicherheit kann bereits jetzt gesagt werden, dass der Klimawandel die Landwirtschaft in Deutschland stark beeinflusst, der Verteilungskampf um das Wasser hat bereits begonnen, die Ertr\u00e4ge sinken deutlich, das Gr\u00fcnland wird zeitweilig versteppen, Gras und Heu wird nicht mehr uneingeschr\u00e4nkt zur Verf\u00fcgung stehen. <br>Zus\u00e4tzlich zu den D\u00fcrreperioden bestimmen Wetterextreme, wie Starkregen, St\u00fcrme, Tornados, Gewitter unser Klima, die aber die D\u00fcrreeinbu\u00dfen nicht verhindern. <strong>Wetterextreme werden allt\u00e4glicher und gef\u00e4hrden unser bisheriges Leben.<\/strong><\/p>\n\n\n\n<p>Um sich auf den Klimawandel und seine Wirkungen auf das Pferdegr\u00fcnland  einigerma\u00dfen anpassen zu k\u00f6nnen, ben\u00f6tigt es einer Vielzahl von Personen mit unterschiedlichem Hintergrund, um gemeinsam Strategien zu erarbeiten und immer wieder anzupassen.&nbsp;<\/p>\n\n\n\n<p>Das Klima in Deutschland hat sich von einem Land mit einer positiven Wasserbilanz (semi-humides Klima) zu einem Land mit einer negativen Wasserbilanz (semi-arides Klima) entwickelt. \u00dcberspitzt ausgedr\u00fcckt: Deutschland versteppt. <\/p>\n\n\n\n<p>F\u00fcr die Pferde ist das vorteilhaft, denn sie sind, gleich wie sie im Exterieur z\u00fcchterich bearbeitet wurden, immer noch an die Steppe angepasst. Also k\u00f6nnten alle Pferdehalter*innen in Deutschland eigentlich froh sein, wenn da nicht zu erw\u00e4hnen w\u00e4re, dass die Steppen im ariden und semi-ariden Klima deutlich weniger oberirdische Blattmasse (= Pferdefutter) produzieren. Heist in letzter Konsequenz: Die derzeitige Pferdeanzahl wird durch den Klimawandel nicht mehr satt. Der Pferdeboom ist an seine Grenzen gekommen, in vielen Regionen ist sie l\u00e4ngst \u00fcberschritten.<\/p>\n\n\n<div class=\"wp-block-image\">\n<figure class=\"aligncenter size-large is-resized\"><img loading=\"lazy\" decoding=\"async\" width=\"1024\" height=\"768\" src=\"https:\/\/pferdegruenland.de\/wp-content\/uploads\/2022\/10\/Buch-1024x768.jpg\" alt=\"\" class=\"wp-image-1529\" style=\"width:403px;height:302px\" srcset=\"https:\/\/pferdegruenland.de\/wp-content\/uploads\/2022\/10\/Buch-1024x768.jpg 1024w, https:\/\/pferdegruenland.de\/wp-content\/uploads\/2022\/10\/Buch-300x225.jpg 300w, https:\/\/pferdegruenland.de\/wp-content\/uploads\/2022\/10\/Buch-768x576.jpg 768w, https:\/\/pferdegruenland.de\/wp-content\/uploads\/2022\/10\/Buch-1536x1152.jpg 1536w, https:\/\/pferdegruenland.de\/wp-content\/uploads\/2022\/10\/Buch-2048x1536.jpg 2048w\" sizes=\"auto, (max-width: 706px) 89vw, (max-width: 767px) 82vw, 740px\" \/><figcaption class=\"wp-element-caption\">Mehr Infos findet Ihr unter &#8222;<em>Basics<\/em>&#8222;, &#8222;<em>Strategien<\/em>&#8220; und &#8222;B<em>eobachtungen zum Klimawandel<\/em>&#8220; hier auf der Webseite sowie  in dem abgebildeten Buch &#8222;<em>Pferdegr\u00fcnland im Klimawandel<\/em>&#8222;<\/figcaption><\/figure>\n<\/div>\n\n\n<p>Wie reagiert Ihr auf den Klimawandel und seinen D\u00fcrreertr\u00e4gen beim Grundfutter?<\/p>\n\n\n\n<figure class=\"wp-block-table aligncenter is-style-stripes\"><table><tbody><tr><td><img loading=\"lazy\" decoding=\"async\" width=\"100\" height=\"87\" class=\"wp-image-104\" src=\"https:\/\/pferdegruenland.de\/wp-content\/uploads\/2020\/08\/Achtung.png\" alt=\"\" style=\"width: 100px;\" srcset=\"https:\/\/pferdegruenland.de\/wp-content\/uploads\/2020\/08\/Achtung.png 630w, https:\/\/pferdegruenland.de\/wp-content\/uploads\/2020\/08\/Achtung-300x262.png 300w\" sizes=\"auto, (max-width: 100px) 100vw, 100px\" \/><\/td><td>Bitte beachtet folgende Vorgehensweise bei der Teilnahme am Blog:<\/td><\/tr><\/tbody><\/table><\/figure>\n\n\n\n<p><strong>Unter <em><a href=\"https:\/\/pferdegruenland.de\/?page_id=10\">Kontakt<\/a><\/em> findet Ihr die M\u00f6glichkeit, Eure Beitr\u00e4ge zu ver\u00f6ffentlichen. <\/strong>Das erscheint zun\u00e4chst ein wenig kompliziert und umst\u00e4ndlich, sch\u00fctzt uns alle aber vor unerw\u00fcnschtem Spam und Werbung. <\/p>\n\n\n\n<p>Im <strong><a href=\"https:\/\/pferdegruenland.de\/?page_id=11\">Blog<\/a><\/strong> seht Ihr alle Beitr\u00e4ge, sortiert nach dem Erscheinen. Der neueste Beitrag kommt zuerst. Klickt Ihr auf den jeweiligen Blogtitel, dann erscheint er einzeln und vergr\u00f6\u00dfert auf einer Seite und zeigt auch alle bisherigen Kommentare. Jetzt findet Ihr auch unter dem Beitrag das Kommentarfenster. Dies zu nutzen, dazu seid Ihr herzlich eingeladen. Euer Kommentar muss aus Sicherheitsgr\u00fcnden noch von mir freigeschaltet werden. Also, ein Klick reicht. <\/p>\n\n\n\n<p>&#8230; und<strong> <a href=\"https:\/\/pferdegruenland.de\/?p=1188\" data-type=\"link\" data-id=\"https:\/\/pferdegruenland.de\/?p=1188\">hier<\/a><\/strong> k\u00f6nnt Ihr den monatlich aktualisierten <strong>Klimabericht<\/strong> aus Deutschland einsehen. Besonders interessant ist einerseits die Betrachtung der Zeitachse, um die Dynamik zu beurteilen sowie die Einordnung der eigenen Beobachtungen mit den tats\u00e4chlich in Deutschland gemessenen Werten.<\/p>\n\n\n\n<p>Folgende Seiten werden st\u00e4ndig aktualisiert<\/p>\n\n\n\n<ul class=\"wp-block-list\">\n<li><a href=\"https:\/\/pferdegruenland.de\/?p=2281\">Preisspiegel Grundfuttermittel<\/a>&nbsp;oder &#x1f50e; \u201e<em>Preisspiegel<\/em>\u201c<\/li>\n\n\n\n<li><a href=\"https:\/\/pferdegruenland.de\/?p=103\">Was kosten Futtermittel wirklich<\/a>? oder &#x1f50e; &#8222;Futtermittelpreise&#8220;<\/li>\n\n\n\n<li><a href=\"https:\/\/pferdegruenland.de\/?p=1188\">Beobachtungen zum Klimawandel: Die aktuelle Datenlage in Deutschland<\/a>&nbsp;oder &#x1f50e; \u201e<em>aktuelle Datenlage<\/em>\u201c<\/li>\n\n\n\n<li><a href=\"https:\/\/pferdegruenland.de\/?p=615\">Kosten der Pflanzenn\u00e4hrstoffe<\/a>&nbsp;oder &#x1f50e; \u201e<em>D\u00fcngemittelpreise<\/em>\u201c   <mark style=\"background-color:rgba(0, 0, 0, 0)\" class=\"has-inline-color has-vivid-red-color\"><strong>Achtung! <\/strong>Geopolitisch bedingte Preisentwicklung beachten<\/mark><\/li>\n\n\n\n<li>Kommentare<\/li>\n<\/ul>\n\n\n\n<p><\/p>\n\n\n\n<p><\/p>\n\n\n\n<p><\/p>\n\n\n\n<p>Dieser Blog unterst\u00fctzt die Nachhaltigkeitsagenda 2030 der Vereinten Nationen (UN)<\/p>\n\n\n<div class=\"wp-block-image\">\n<figure class=\"aligncenter size-large is-resized\"><img loading=\"lazy\" decoding=\"async\" width=\"1024\" height=\"1024\" src=\"https:\/\/pferdegruenland.de\/wp-content\/uploads\/2020\/08\/A798E7E9-367B-47CC-9295-7871FFBB0C7B-1024x1024.png\" alt=\"\" class=\"wp-image-77\" style=\"width:302px;height:302px\" srcset=\"https:\/\/pferdegruenland.de\/wp-content\/uploads\/2020\/08\/A798E7E9-367B-47CC-9295-7871FFBB0C7B-1024x1024.png 1024w, https:\/\/pferdegruenland.de\/wp-content\/uploads\/2020\/08\/A798E7E9-367B-47CC-9295-7871FFBB0C7B-300x300.png 300w, https:\/\/pferdegruenland.de\/wp-content\/uploads\/2020\/08\/A798E7E9-367B-47CC-9295-7871FFBB0C7B-150x150.png 150w, https:\/\/pferdegruenland.de\/wp-content\/uploads\/2020\/08\/A798E7E9-367B-47CC-9295-7871FFBB0C7B-768x768.png 768w, https:\/\/pferdegruenland.de\/wp-content\/uploads\/2020\/08\/A798E7E9-367B-47CC-9295-7871FFBB0C7B-100x100.png 100w, https:\/\/pferdegruenland.de\/wp-content\/uploads\/2020\/08\/A798E7E9-367B-47CC-9295-7871FFBB0C7B.png 1525w\" sizes=\"auto, (max-width: 706px) 89vw, (max-width: 767px) 82vw, 740px\" \/><\/figure>\n<\/div>","protected":false},"excerpt":{"rendered":"<p>Hier findet Ihr die ganz aktuellen Preise der Pflanzenn\u00e4hrstoffe in der derzeitigen geopolitischen Weltlage Du befindest Dich hier in dem nicht profit- orientierten Blog zum Klimawandel und dessen Folgen auf das Pferdegr\u00fcnland. Die Folgen des Klimawandels kommen zwar nicht so schnell wie eine Pandemie, daf\u00fcr aber unaufhaltbarer. Im Gegensatz zu einer Vireninfektion wird es gegen &hellip; <\/p>\n<p class=\"link-more\"><a href=\"https:\/\/pferdegruenland.de\/\" class=\"more-link\"><span class=\"screen-reader-text\">\u201eWillkommen auf meiner Website!\u00a0\u201c <\/span>weiterlesen<\/a><\/p>\n","protected":false},"author":1,"featured_media":0,"parent":0,"menu_order":0,"comment_status":"closed","ping_status":"closed","template":"","meta":{"footnotes":""},"class_list":["post-8","page","type-page","status-publish","hentry"],"_links":{"self":[{"href":"https:\/\/pferdegruenland.de\/index.php?rest_route=\/wp\/v2\/pages\/8","targetHints":{"allow":["GET"]}}],"collection":[{"href":"https:\/\/pferdegruenland.de\/index.php?rest_route=\/wp\/v2\/pages"}],"about":[{"href":"https:\/\/pferdegruenland.de\/index.php?rest_route=\/wp\/v2\/types\/page"}],"author":[{"embeddable":true,"href":"https:\/\/pferdegruenland.de\/index.php?rest_route=\/wp\/v2\/users\/1"}],"replies":[{"embeddable":true,"href":"https:\/\/pferdegruenland.de\/index.php?rest_route=%2Fwp%2Fv2%2Fcomments&post=8"}],"version-history":[{"count":43,"href":"https:\/\/pferdegruenland.de\/index.php?rest_route=\/wp\/v2\/pages\/8\/revisions"}],"predecessor-version":[{"id":3526,"href":"https:\/\/pferdegruenland.de\/index.php?rest_route=\/wp\/v2\/pages\/8\/revisions\/3526"}],"wp:attachment":[{"href":"https:\/\/pferdegruenland.de\/index.php?rest_route=%2Fwp%2Fv2%2Fmedia&parent=8"}],"curies":[{"name":"wp","href":"https:\/\/api.w.org\/{rel}","templated":true}]}}