{"id":16,"date":"2020-08-17T14:47:50","date_gmt":"2020-08-17T12:47:50","guid":{"rendered":"http:\/\/pferdegruenland.de\/?page_id=16"},"modified":"2024-04-11T13:54:14","modified_gmt":"2024-04-11T11:54:14","slug":"download","status":"publish","type":"page","link":"https:\/\/pferdegruenland.de\/?page_id=16","title":{"rendered":"Download"},"content":{"rendered":"\n<figure class=\"wp-block-table is-style-stripes\"><table><tbody><tr><td>*<\/td><td>Die vielj\u00e4hrigen Mittelwerte des gesamten Stationsmessnetz des Deutschen Wetterdienstes (DWD) k\u00f6nnen <a href=\"http:\/\/www.dwd.de\/DE\/leistungen\/klimadatendeutschland\/vielj_mittelwerte.html\">hier<\/a> heruntergeladen werden: Niederschlag, Sonnenscheindauer, Temperatur, Eistage, Frosttage, Hei\u00dfe Tage, Sommertage<\/td><td><\/td><td><\/td><\/tr><tr><td><\/td><td><\/td><td><\/td><td><\/td><\/tr><tr><td>*<\/td><td>Die aktuellen und auch die seit Jahren archivierten  Futtermittelpreise findet Ihr <a href=\"http:\/\/winration.info\/?page_id=13\">hier<\/a> auf meiner F\u00fctterungsseite.<\/td><td><\/td><td><\/td><\/tr><tr><td><\/td><td><\/td><td><\/td><td><\/td><\/tr><tr><td>*<\/td><td><a href=\"https:\/\/www.dwd.de\/DE\/klimaumwelt\/klimaueberwachung\/deutschland\/deutschland_node.html;jsessionid=66D55E9F6748B87C4DDCC9B27B2D46AC.live21071\">Beobachtungen zum Klimawandel<\/a> (Deutscher Wetterdienst), u.a. die aktuellen Monatsberichte <\/td><td><\/td><td><\/td><\/tr><tr><td><\/td><td><\/td><td><\/td><td><\/td><\/tr><tr><td><\/td><td>* <a href=\"https:\/\/pferdegruenland.de\/downloads\/Umrechnungsfaktoren_Duengung.pdf\">Umrechnungsfaktoren f\u00fcr die verschiedenen D\u00fcngerformen<\/a> : &#8222;Wieviel N steckt in NO<sub>3<\/sub>?&#8220; oder &#8222;Der Calciumgehalt in Calciumcarbonat?&#8220; Diese Fragen k\u00f6nnt Ihr Euch jetzt mit der von mir zur Verf\u00fcgung gestellten Tabelle selber beantworten.<\/td><td><\/td><td><\/td><\/tr><tr><td><\/td><td><\/td><td><\/td><td><\/td><\/tr><tr><td><\/td><td>* <a href=\"https:\/\/pferdegruenland.de\/downloads\/Phaenologische Jahresuhr.docx\">Ph\u00e4nologische Jahresuhr zum Download<\/a> und der M\u00f6glichkeit, die eigenen Daten einzutragen. Diese Jahresuhr erm\u00f6glicht die genauere Beobachtung des Klimas und verbessert die jahreszeitliche Planung des Dauergr\u00fcnlandes. Zus\u00e4tzlich l\u00e4sst sich der Einfluss des Klimawandels f\u00fcr die eigenen Fl\u00e4chen beurteilen.<\/td><td><\/td><td><\/td><\/tr><\/tbody><\/table><\/figure>\n","protected":false},"excerpt":{"rendered":"<p>* Die vielj\u00e4hrigen Mittelwerte des gesamten Stationsmessnetz des Deutschen Wetterdienstes (DWD) k\u00f6nnen hier heruntergeladen werden: Niederschlag, Sonnenscheindauer, Temperatur, Eistage, Frosttage, Hei\u00dfe Tage, Sommertage * Die aktuellen und auch die seit Jahren archivierten Futtermittelpreise findet Ihr hier auf meiner F\u00fctterungsseite. * Beobachtungen zum Klimawandel (Deutscher Wetterdienst), u.a. die aktuellen Monatsberichte * Umrechnungsfaktoren f\u00fcr die verschiedenen D\u00fcngerformen &hellip; <\/p>\n<p class=\"link-more\"><a href=\"https:\/\/pferdegruenland.de\/?page_id=16\" class=\"more-link\"><span class=\"screen-reader-text\">\u201eDownload\u201c <\/span>weiterlesen<\/a><\/p>\n","protected":false},"author":1,"featured_media":54,"parent":0,"menu_order":0,"comment_status":"closed","ping_status":"closed","template":"","meta":{"footnotes":""},"class_list":["post-16","page","type-page","status-publish","has-post-thumbnail","hentry"],"_links":{"self":[{"href":"https:\/\/pferdegruenland.de\/index.php?rest_route=\/wp\/v2\/pages\/16","targetHints":{"allow":["GET"]}}],"collection":[{"href":"https:\/\/pferdegruenland.de\/index.php?rest_route=\/wp\/v2\/pages"}],"about":[{"href":"https:\/\/pferdegruenland.de\/index.php?rest_route=\/wp\/v2\/types\/page"}],"author":[{"embeddable":true,"href":"https:\/\/pferdegruenland.de\/index.php?rest_route=\/wp\/v2\/users\/1"}],"replies":[{"embeddable":true,"href":"https:\/\/pferdegruenland.de\/index.php?rest_route=%2Fwp%2Fv2%2Fcomments&post=16"}],"version-history":[{"count":14,"href":"https:\/\/pferdegruenland.de\/index.php?rest_route=\/wp\/v2\/pages\/16\/revisions"}],"predecessor-version":[{"id":2202,"href":"https:\/\/pferdegruenland.de\/index.php?rest_route=\/wp\/v2\/pages\/16\/revisions\/2202"}],"wp:featuredmedia":[{"embeddable":true,"href":"https:\/\/pferdegruenland.de\/index.php?rest_route=\/wp\/v2\/media\/54"}],"wp:attachment":[{"href":"https:\/\/pferdegruenland.de\/index.php?rest_route=%2Fwp%2Fv2%2Fmedia&parent=16"}],"curies":[{"name":"wp","href":"https:\/\/api.w.org\/{rel}","templated":true}]}}