{"id":10,"date":"2020-08-17T14:47:49","date_gmt":"2020-08-17T12:47:49","guid":{"rendered":"http:\/\/pferdegruenland.de\/?page_id=10"},"modified":"2020-08-21T15:51:38","modified_gmt":"2020-08-21T13:51:38","slug":"kontakt","status":"publish","type":"page","link":"https:\/\/pferdegruenland.de\/?page_id=10","title":{"rendered":"Kontakt"},"content":{"rendered":"\n<p>Gerne ver\u00f6ffentliche Eure Beitr\u00e4ge im Blog dieses Internetauftritts. <\/p>\n\n\n\n<p>Euren Blogbeitrag und gerne auch Eure Fotos schickt Ihr bitte an meine unten genannte Emailadresse. Ich bereite den Text grafisch auf, setze nach M\u00f6glichkeit ein Bild dazu und ver\u00f6ffentliche ihn dann.<\/p>\n\n\n\n<p>Warum so umst\u00e4ndlich? Ich werde Eure Texte nicht zensieren, nein ich sch\u00fctze den Webauftritt lediglich vor Spam- Mail. Keiner von uns braucht Werbung von Internetcasinos, Viagra und Co. <\/p>\n\n\n\n<p>Bitte erlaubt mir auch mal einige freie Tage, kein Beitrag f\u00e4llt hinter die ber\u00fchmt- ber\u00fcchtigte Heizung. <\/p>\n\n\n\n<p>Auch Kommentare, die Ihr zu Beitr\u00e4gen senden k\u00f6nnt, werden erst ver\u00f6ffentlicht, wenn ich sie freigegeben habe. Ihr wisst schon, Pokercasinos und Viagra. Also ein Klick reicht, sichtbar wird Euer Beitrag erst, wenn er freigegeben wird. Und denkt bitte an einige wenige, freie Tage, die ich mir nehme. <\/p>\n\n\n\n<p class=\"has-text-align-center\">So erreicht Ihr mich<\/p>\n\n\n\n<p class=\"has-text-align-center\"><strong>dietbert.arnold(\u00e4t)hippologe.de<\/strong><\/p>\n\n\n\n<p>Dieser Internetauftritt unterst\u00fctzt die Nachhaltigkeitsagenda 2030 der Vereinten Nationen (UN).<\/p>\n\n\n\n<div class=\"wp-block-image\"><figure class=\"aligncenter size-large is-resized\"><img loading=\"lazy\" decoding=\"async\" src=\"https:\/\/pferdegruenland.de\/wp-content\/uploads\/2020\/08\/A798E7E9-367B-47CC-9295-7871FFBB0C7B-1024x1024.png\" alt=\"\" class=\"wp-image-77\" width=\"391\" height=\"391\" srcset=\"https:\/\/pferdegruenland.de\/wp-content\/uploads\/2020\/08\/A798E7E9-367B-47CC-9295-7871FFBB0C7B-1024x1024.png 1024w, https:\/\/pferdegruenland.de\/wp-content\/uploads\/2020\/08\/A798E7E9-367B-47CC-9295-7871FFBB0C7B-300x300.png 300w, https:\/\/pferdegruenland.de\/wp-content\/uploads\/2020\/08\/A798E7E9-367B-47CC-9295-7871FFBB0C7B-150x150.png 150w, https:\/\/pferdegruenland.de\/wp-content\/uploads\/2020\/08\/A798E7E9-367B-47CC-9295-7871FFBB0C7B-768x768.png 768w, https:\/\/pferdegruenland.de\/wp-content\/uploads\/2020\/08\/A798E7E9-367B-47CC-9295-7871FFBB0C7B-100x100.png 100w, https:\/\/pferdegruenland.de\/wp-content\/uploads\/2020\/08\/A798E7E9-367B-47CC-9295-7871FFBB0C7B.png 1525w\" sizes=\"auto, (max-width: 391px) 100vw, 391px\" \/><\/figure><\/div>\n","protected":false},"excerpt":{"rendered":"<p>Gerne ver\u00f6ffentliche Eure Beitr\u00e4ge im Blog dieses Internetauftritts. Euren Blogbeitrag und gerne auch Eure Fotos schickt Ihr bitte an meine unten genannte Emailadresse. Ich bereite den Text grafisch auf, setze nach M\u00f6glichkeit ein Bild dazu und ver\u00f6ffentliche ihn dann. Warum so umst\u00e4ndlich? Ich werde Eure Texte nicht zensieren, nein ich sch\u00fctze den Webauftritt lediglich vor &hellip; <\/p>\n<p class=\"link-more\"><a href=\"https:\/\/pferdegruenland.de\/?page_id=10\" class=\"more-link\"><span class=\"screen-reader-text\">\u201eKontakt\u201c <\/span>weiterlesen<\/a><\/p>\n","protected":false},"author":1,"featured_media":73,"parent":0,"menu_order":0,"comment_status":"closed","ping_status":"closed","template":"","meta":{"footnotes":""},"class_list":["post-10","page","type-page","status-publish","has-post-thumbnail","hentry"],"_links":{"self":[{"href":"https:\/\/pferdegruenland.de\/index.php?rest_route=\/wp\/v2\/pages\/10","targetHints":{"allow":["GET"]}}],"collection":[{"href":"https:\/\/pferdegruenland.de\/index.php?rest_route=\/wp\/v2\/pages"}],"about":[{"href":"https:\/\/pferdegruenland.de\/index.php?rest_route=\/wp\/v2\/types\/page"}],"author":[{"embeddable":true,"href":"https:\/\/pferdegruenland.de\/index.php?rest_route=\/wp\/v2\/users\/1"}],"replies":[{"embeddable":true,"href":"https:\/\/pferdegruenland.de\/index.php?rest_route=%2Fwp%2Fv2%2Fcomments&post=10"}],"version-history":[{"count":6,"href":"https:\/\/pferdegruenland.de\/index.php?rest_route=\/wp\/v2\/pages\/10\/revisions"}],"predecessor-version":[{"id":162,"href":"https:\/\/pferdegruenland.de\/index.php?rest_route=\/wp\/v2\/pages\/10\/revisions\/162"}],"wp:featuredmedia":[{"embeddable":true,"href":"https:\/\/pferdegruenland.de\/index.php?rest_route=\/wp\/v2\/media\/73"}],"wp:attachment":[{"href":"https:\/\/pferdegruenland.de\/index.php?rest_route=%2Fwp%2Fv2%2Fmedia&parent=10"}],"curies":[{"name":"wp","href":"https:\/\/api.w.org\/{rel}","templated":true}]}}